{"id":11,"date":"2016-10-26T22:48:46","date_gmt":"2016-10-26T22:48:46","guid":{"rendered":"http:\/\/apartamentosmarisa.es\/?page_id=11"},"modified":"2016-10-29T15:57:22","modified_gmt":"2016-10-29T15:57:22","slug":"prueba2","status":"publish","type":"page","link":"https:\/\/apartamentosmarisa.es\/?page_id=11","title":{"rendered":"PISOS"},"content":{"rendered":"<p><u><b>CARACTERISTICAS<\/b><\/u><\/p>\n<p>&nbsp;<\/p>\n<h3><span style=\"font-size: x-large;\">Viviendas amplias totalmente amuebladas y equipadas con: lavadora, frigor\u00edfico, horno, menaje, vajilla, cuberter\u00eda, cafetera, plancha, ropa de camas, toallas, televisi\u00f3n&#8230;<\/span><\/h3>\n<h3>PRECIOS A CONVENIR\u00a0, seg\u00fan vivienda y fechas de ocupaci\u00f3n. Durante los meses de Julio y Agosto se alquilan por quincenas o mes completo y en otras fechas tambi\u00e9n por semanas y d\u00edas<\/h3>\n<p>&nbsp;<\/p>\n<p><strong><span style=\"text-decoration: underline;\"><span style=\"color: #000000; text-decoration: underline;\"><a style=\"color: #000000; text-decoration: underline;\" href=\"http:\/\/apartamentosmarisa.es\/?page_id=25\">PISOS T2<\/a><\/span>\u00a0<\/span> \u00a0 \u00a0 \u00a0 \u00a0 \u00a0 \u00a0 \u00a0 \u00a0 \u00a0 \u00a0 \u00a0<span style=\"color: #000000;\"><span style=\"text-decoration: underline;\"><a style=\"color: #000000; text-decoration: underline;\" href=\"http:\/\/apartamentosmarisa.es\/?page_id=37\">PISOS T3<\/a><\/span>\u00a0<\/span> \u00a0 \u00a0 \u00a0 \u00a0 \u00a0 \u00a0 \u00a0 \u00a0 \u00a0 \u00a0 \u00a0<span style=\"text-decoration: underline;\"><span style=\"color: #000000;\"><a style=\"color: #000000; text-decoration: underline;\" href=\"http:\/\/apartamentosmarisa.es\/?page_id=50\">PISOS T4 1\u00b0<\/a><\/span><\/span>\u00a0 \u00a0 \u00a0 \u00a0 \u00a0 \u00a0 \u00a0 \u00a0 \u00a0 \u00a0 \u00a0 \u00a0<span style=\"text-decoration: underline;\"><span style=\"color: #000000;\"><a style=\"color: #000000; text-decoration: underline;\" href=\"http:\/\/apartamentosmarisa.es\/?page_id=63\">PISOS T4 3\u00b0<\/a><\/span><\/span><\/strong><\/p>\n<p>&nbsp;<\/p>\n<p>&nbsp;<\/p>\n<h4>Contacto: \u00a0email: \u00a0info@apartamentosmarisa.es \u00a0 \u00a0 \u00a0 \u00a0 \u00a0 \u00a0 \u00a0 \u00a0 \u00a0 \u00a0 \u00a0 \u00a0 \u00a0 \u00a0 Tel\u00e9fono: 986 723 071.<\/h4>\n","protected":false},"excerpt":{"rendered":"<p>CARACTERISTICAS &nbsp; Viviendas amplias totalmente amuebladas y equipadas con: lavadora, frigor\u00edfico, horno, menaje, vajilla, cuberter\u00eda, cafetera, plancha, ropa de camas, toallas, televisi\u00f3n&#8230; PRECIOS A CONVENIR\u00a0, seg\u00fan vivienda y fechas de ocupaci\u00f3n. Durante los meses de Julio y Agosto se alquilan&hellip;<\/p>\n","protected":false},"author":1,"featured_media":5,"parent":0,"menu_order":2,"comment_status":"closed","ping_status":"closed","template":"","meta":{"footnotes":""},"_links":{"self":[{"href":"https:\/\/apartamentosmarisa.es\/index.php?rest_route=\/wp\/v2\/pages\/11"}],"collection":[{"href":"https:\/\/apartamentosmarisa.es\/index.php?rest_route=\/wp\/v2\/pages"}],"about":[{"href":"https:\/\/apartamentosmarisa.es\/index.php?rest_route=\/wp\/v2\/types\/page"}],"author":[{"embeddable":true,"href":"https:\/\/apartamentosmarisa.es\/index.php?rest_route=\/wp\/v2\/users\/1"}],"replies":[{"embeddable":true,"href":"https:\/\/apartamentosmarisa.es\/index.php?rest_route=%2Fwp%2Fv2%2Fcomments&post=11"}],"version-history":[{"count":25,"href":"https:\/\/apartamentosmarisa.es\/index.php?rest_route=\/wp\/v2\/pages\/11\/revisions"}],"predecessor-version":[{"id":131,"href":"https:\/\/apartamentosmarisa.es\/index.php?rest_route=\/wp\/v2\/pages\/11\/revisions\/131"}],"wp:featuredmedia":[{"embeddable":true,"href":"https:\/\/apartamentosmarisa.es\/index.php?rest_route=\/wp\/v2\/media\/5"}],"wp:attachment":[{"href":"https:\/\/apartamentosmarisa.es\/index.php?rest_route=%2Fwp%2Fv2%2Fmedia&parent=11"}],"curies":[{"name":"wp","href":"https:\/\/api.w.org\/{rel}","templated":true}]}}